{"id":2265,"date":"2025-03-07T15:26:49","date_gmt":"2025-03-07T15:26:49","guid":{"rendered":"https:\/\/turnzentrum-bern.ch\/?page_id=2265"},"modified":"2026-04-08T07:08:56","modified_gmt":"2026-04-08T07:08:56","slug":"download","status":"publish","type":"page","link":"https:\/\/turnzentrum-bern.ch\/fr\/download\/","title":{"rendered":"Download"},"content":{"rendered":"<div data-elementor-type=\"wp-page\" data-elementor-id=\"2265\" class=\"elementor elementor-2265\" data-elementor-post-type=\"page\">\n\t\t\t\t<div class=\"elementor-element elementor-element-880cf06 e-flex e-con-boxed e-con e-parent\" data-id=\"880cf06\" data-element_type=\"container\" data-e-type=\"container\" data-settings=\"{&quot;background_background&quot;:&quot;classic&quot;}\">\n\t\t\t\t\t<div class=\"e-con-inner\">\n\t\t\t\t<div class=\"elementor-element elementor-element-5dfe814 elementor-widget elementor-widget-heading\" data-id=\"5dfe814\" data-element_type=\"widget\" data-e-type=\"widget\" data-widget_type=\"heading.default\">\n\t\t\t\t<div class=\"elementor-widget-container\">\n\t\t\t\t\t<h2 class=\"elementor-heading-title elementor-size-default\"><span class=\"underline-y\">Downloads<\/span><\/h2>\t\t\t\t<\/div>\n\t\t\t\t<\/div>\n\t\t\t\t\t<\/div>\n\t\t\t\t<\/div>\n\t\t<div class=\"elementor-element elementor-element-e778b97 e-flex e-con-boxed e-con e-parent\" data-id=\"e778b97\" data-element_type=\"container\" data-e-type=\"container\" data-settings=\"{&quot;background_background&quot;:&quot;classic&quot;}\">\n\t\t\t\t\t<div class=\"e-con-inner\">\n\t\t\t\t<div class=\"elementor-element elementor-element-7771c24 elementor-widget elementor-widget-spacer\" data-id=\"7771c24\" data-element_type=\"widget\" data-e-type=\"widget\" data-widget_type=\"spacer.default\">\n\t\t\t\t<div class=\"elementor-widget-container\">\n\t\t\t\t\t\t\t<div class=\"elementor-spacer\">\n\t\t\t<div class=\"elementor-spacer-inner\"><\/div>\n\t\t<\/div>\n\t\t\t\t\t\t<\/div>\n\t\t\t\t<\/div>\n\t\t\t\t\t<\/div>\n\t\t\t\t<\/div>\n\t\t<div class=\"elementor-element elementor-element-af8ff5b e-flex e-con-boxed e-con e-parent\" data-id=\"af8ff5b\" data-element_type=\"container\" data-e-type=\"container\" data-settings=\"{&quot;background_background&quot;:&quot;classic&quot;}\">\n\t\t\t\t\t<div class=\"e-con-inner\">\n\t\t\t\t<div class=\"elementor-element elementor-element-5afc7ab elementor-widget elementor-widget-heading\" data-id=\"5afc7ab\" data-element_type=\"widget\" data-e-type=\"widget\" data-widget_type=\"heading.default\">\n\t\t\t\t<div class=\"elementor-widget-container\">\n\t\t\t\t\t<h2 class=\"elementor-heading-title elementor-size-default\"><b>Offres d'emploi<\/b><\/h2>\t\t\t\t<\/div>\n\t\t\t\t<\/div>\n\t\t\t\t<div class=\"elementor-element elementor-element-5ea5a95 elementor-widget elementor-widget-text-editor\" data-id=\"5ea5a95\" data-element_type=\"widget\" data-e-type=\"widget\" data-widget_type=\"text-editor.default\">\n\t\t\t\t<div class=\"elementor-widget-container\">\n\t\t\t\t\t\t\t\t\t<p data-start=\"88\" data-end=\"160\">Actuellement, aucun poste vacant n'est \u00e0 pourvoir au sein du bureau de la TZB.<\/p><p data-start=\"152\" data-end=\"309\">Vous recherchez un coach, un entra\u00eeneur ou un soutien pour votre club ou votre centre d'entra\u00eenement ? Nous publions volontiers vos offres d'emploi sur notre site web.<br \/>Envoyez-nous votre description de poste au format PDF \u00e0 l'adresse suivante : <strong><a href=\"mailto:kommunikation@turnzentrum-bern.ch\" target=\"_blank\" rel=\"noopener\">kommunikation@turnzentrum-bern.ch<\/a><\/strong><\/p><p><a class=\"c-link\" title=\"Cheftrainer*in Kunstturnen Frauen (100%), St\u00fctzpunkt Bern | 03. Februar 2026\" href=\"https:\/\/turnzentrum-bern.ch\/wp-content\/uploads\/2026\/02\/2026_Stellenausschreibung_Cheftrainer_in_Kutu_Frauen.pdf\" target=\"_blank\" rel=\"noopener\">Cheftrainer*in Kunstturnen Frauen (100%) bei KKB<\/a> (03.02.2026)<\/p>\t\t\t\t\t\t\t\t<\/div>\n\t\t\t\t<\/div>\n\t\t\t\t\t<\/div>\n\t\t\t\t<\/div>\n\t\t<div class=\"elementor-element elementor-element-05f6745 e-flex e-con-boxed e-con e-parent\" data-id=\"05f6745\" data-element_type=\"container\" data-e-type=\"container\" data-settings=\"{&quot;background_background&quot;:&quot;classic&quot;}\">\n\t\t\t\t\t<div class=\"e-con-inner\">\n\t\t\t\t<div class=\"elementor-element elementor-element-3ab79b7 elementor-widget elementor-widget-heading\" data-id=\"3ab79b7\" data-element_type=\"widget\" data-e-type=\"widget\" data-widget_type=\"heading.default\">\n\t\t\t\t<div class=\"elementor-widget-container\">\n\t\t\t\t\t<h2 class=\"elementor-heading-title elementor-size-default\"><b>Offres<\/b><\/h2>\t\t\t\t<\/div>\n\t\t\t\t<\/div>\n\t\t<div class=\"elementor-element elementor-element-ce14787 e-con-full e-flex e-con e-child\" data-id=\"ce14787\" data-element_type=\"container\" data-e-type=\"container\">\n\t\t<div class=\"elementor-element elementor-element-45afc3b e-grid e-con-full e-con e-child\" data-id=\"45afc3b\" data-element_type=\"container\" data-e-type=\"container\">\n\t\t\t\t<div class=\"elementor-element elementor-element-1f86e11 elementor-widget elementor-widget-text-editor\" data-id=\"1f86e11\" data-element_type=\"widget\" data-e-type=\"widget\" data-widget_type=\"text-editor.default\">\n\t\t\t\t<div class=\"elementor-widget-container\">\n\t\t\t\t\t\t\t\t\t<p><a href=\"https:\/\/turnzentrum-bern.ch\/wp-content\/uploads\/2025\/11\/Broschuere-WINTER25_26_250806.pdf\" target=\"_blank\" rel=\"noopener\">Kids-Sport &#8211; Winterkurse 2025<\/a>\u00a0(Kursende: 2. April 2026)<\/p><p><a style=\"background-color: #ffffff; font-size: 1rem;\" href=\"https:\/\/turnzentrum-bern.ch\/wp-content\/uploads\/2026\/03\/Kids-Sport_Sommerkurse_2026.pdf\" target=\"_blank\" rel=\"noopener\">Kids-Sport &#8211; Sommerkurse 2026<\/a>\u00a0(Kursstart: 20. April 2026)<\/p><p><a href=\"https:\/\/turnzentrum-bern.ch\/wp-content\/uploads\/2026\/03\/TZB_Flyer_260211.pdf\" target=\"_blank\" rel=\"noopener\">Flyer &#8211; MOVE<\/a><\/p>\t\t\t\t\t\t\t\t<\/div>\n\t\t\t\t<\/div>\n\t\t\t\t<\/div>\n\t\t\t\t<\/div>\n\t\t\t\t\t<\/div>\n\t\t\t\t<\/div>\n\t\t<div class=\"elementor-element elementor-element-c3ab1cb e-flex e-con-boxed e-con e-parent\" data-id=\"c3ab1cb\" data-element_type=\"container\" data-e-type=\"container\" data-settings=\"{&quot;background_background&quot;:&quot;classic&quot;}\">\n\t\t\t\t\t<div class=\"e-con-inner\">\n\t\t\t\t<div class=\"elementor-element elementor-element-4b651c1 elementor-widget elementor-widget-heading\" data-id=\"4b651c1\" data-element_type=\"widget\" data-e-type=\"widget\" data-widget_type=\"heading.default\">\n\t\t\t\t<div class=\"elementor-widget-container\">\n\t\t\t\t\t<h2 class=\"elementor-heading-title elementor-size-default\"><b>Documents<\/b><\/h2>\t\t\t\t<\/div>\n\t\t\t\t<\/div>\n\t\t\t\t<div class=\"elementor-element elementor-element-72eb449 elementor-widget elementor-widget-text-editor\" data-id=\"72eb449\" data-element_type=\"widget\" data-e-type=\"widget\" data-widget_type=\"text-editor.default\">\n\t\t\t\t<div class=\"elementor-widget-container\">\n\t\t\t\t\t\t\t\t\t<p><a href=\"https:\/\/turnzentrum-bern.ch\/wp-content\/uploads\/2025\/05\/Statuten_TZB.pdf\" target=\"_blank\" rel=\"noopener\">Statuts TZB<\/a><\/p><p><a href=\"https:\/\/turnzentrum-bern.ch\/wp-content\/uploads\/2026\/01\/Mietreglement-TZB-Version-2025.pdf\" target=\"_blank\" rel=\"noopener\">R\u00e8glement de location TZB<\/a><\/p><p><a href=\"https:\/\/turnzentrum-bern.ch\/wp-content\/uploads\/2026\/01\/Hausordnung_Fitness_Kraftbereich.pdf\" target=\"_blank\" rel=\"noopener\">R\u00e8glement int\u00e9rieur \"Espace fitness et musculation\" (uniquement en allemand)<\/a><\/p><p><a href=\"https:\/\/turnzentrum-bern.ch\/wp-content\/uploads\/2026\/01\/AGB-und-Nutzungskonzept-\u201eAbo-Einzelturnerin.pdf\" target=\"_blank\" rel=\"noopener\">CGV et concept d'utilisation \"Abonnement gymnaste individuel\" (uniquement en allemand)<\/a><\/p><p><a href=\"https:\/\/turnzentrum-bern.ch\/wp-content\/uploads\/2026\/02\/Reservierungsformular_TZB.pdf\" target=\"_blank\" rel=\"noopener\">Le formulaire de r\u00e9servation ! (uniquement en allemand)<\/a><\/p>\t\t\t\t\t\t\t\t<\/div>\n\t\t\t\t<\/div>\n\t\t\t\t\t<\/div>\n\t\t\t\t<\/div>\n\t\t<div class=\"elementor-element elementor-element-0775b28 e-flex e-con-boxed e-con e-parent\" data-id=\"0775b28\" data-element_type=\"container\" data-e-type=\"container\" data-settings=\"{&quot;background_background&quot;:&quot;classic&quot;}\">\n\t\t\t\t\t<div class=\"e-con-inner\">\n\t\t\t\t<div class=\"elementor-element elementor-element-847963b elementor-widget elementor-widget-heading\" data-id=\"847963b\" data-element_type=\"widget\" data-e-type=\"widget\" data-widget_type=\"heading.default\">\n\t\t\t\t<div class=\"elementor-widget-container\">\n\t\t\t\t\t<h2 class=\"elementor-heading-title elementor-size-default\"><b>Newsletter<\/b><\/h2>\t\t\t\t<\/div>\n\t\t\t\t<\/div>\n\t\t\t\t<div class=\"elementor-element elementor-element-f049e32 elementor-widget elementor-widget-text-editor\" data-id=\"f049e32\" data-element_type=\"widget\" data-e-type=\"widget\" data-widget_type=\"text-editor.default\">\n\t\t\t\t<div class=\"elementor-widget-container\">\n\t\t\t\t\t\t\t\t\t<p><strong>2026<\/strong><\/p><p><a href=\"https:\/\/turnzentrum-bern.ch\/fr\/2025\/12\/22\/advents-challenge-endspurt-mit-extra-zeit\/\">2026-2: Gemeinsam in die neue Turnsaison<\/a><\/p><p><a href=\"https:\/\/turnzentrum-bern.ch\/fr\/2026\/01\/29\/newsletter-1\/\" target=\"_blank\" rel=\"noopener\">2026-1 :Nnouvelle ann\u00e9e, nouvel \u00e9lan au TZB<\/a><\/p><p><strong>2025<\/strong><\/p><p><a href=\"https:\/\/turnzentrum-bern.ch\/fr\/2025\/10\/24\/die-herbst-highlights-im-tzb\/\" target=\"_blank\" rel=\"noopener\">2025-5: Les moments forts de l\u2019automne au TZB<\/a><\/p><p><a href=\"https:\/\/turnzentrum-bern.ch\/fr\/2025\/08\/16\/ein-sommer-voller-bewegung\/\">2025-4 : Un \u00e9t\u00e9 plein d'action !<\/a><\/p><p><a href=\"https:\/\/turnzentrum-bern.ch\/fr\/2025\/05\/28\/gemeinsam-richtung-eroeffnung\/\" rel=\"noopener\">2025-3: Ensemble vers l'ouverture<\/a><\/p><p><a href=\"https:\/\/turnzentrum-bern.ch\/fr\/2025\/03\/07\/wir-fuellen-das-tzb-mit-leben\/\" rel=\"noopener\">2025-2: Nous donnons vie au TZB<\/a><\/p>\t\t\t\t\t\t\t\t<\/div>\n\t\t\t\t<\/div>\n\t\t\t\t\t<\/div>\n\t\t\t\t<\/div>\n\t\t<div class=\"elementor-element elementor-element-7739c0d e-flex e-con-boxed e-con e-parent\" data-id=\"7739c0d\" data-element_type=\"container\" data-e-type=\"container\" data-settings=\"{&quot;background_background&quot;:&quot;classic&quot;}\">\n\t\t\t\t\t<div class=\"e-con-inner\">\n\t\t\t\t<div class=\"elementor-element elementor-element-3fd7a81 elementor-widget elementor-widget-spacer\" data-id=\"3fd7a81\" data-element_type=\"widget\" data-e-type=\"widget\" data-widget_type=\"spacer.default\">\n\t\t\t\t<div class=\"elementor-widget-container\">\n\t\t\t\t\t\t\t<div class=\"elementor-spacer\">\n\t\t\t<div class=\"elementor-spacer-inner\"><\/div>\n\t\t<\/div>\n\t\t\t\t\t\t<\/div>\n\t\t\t\t<\/div>\n\t\t\t\t\t<\/div>\n\t\t\t\t<\/div>\n\t\t\t\t<\/div>","protected":false},"excerpt":{"rendered":"<p>Downloads Offene Stellen Aktuell sind bei der TZB-Gesch\u00e4ftsstelle keine offenen Vakanzen ausgeschrieben. Du suchst einen Coach,\u00a0 Trainer:in oder Unterst\u00fctzung f\u00fcr deinen Verein bzw. St\u00fctzpunkt? Gerne publizieren wir eure Stellenangebote auf unserer Webseite.Sende uns deine Stellenbeschreibung als PDF an: kommunikation@turnzentrum-bern.ch Cheftrainer*in Kunstturnen Frauen (100%) bei KKB (03.02.2026) Angebote Kids-Sport &#8211; Winterkurse 2025\u00a0(Kursende: 2. April 2026) Kids-Sport [&hellip;]<\/p>\n","protected":false},"author":1,"featured_media":0,"parent":0,"menu_order":0,"comment_status":"closed","ping_status":"closed","template":"","meta":{"footnotes":""},"class_list":["post-2265","page","type-page","status-publish","hentry"],"jetpack_sharing_enabled":true,"_links":{"self":[{"href":"https:\/\/turnzentrum-bern.ch\/fr\/wp-json\/wp\/v2\/pages\/2265","targetHints":{"allow":["GET"]}}],"collection":[{"href":"https:\/\/turnzentrum-bern.ch\/fr\/wp-json\/wp\/v2\/pages"}],"about":[{"href":"https:\/\/turnzentrum-bern.ch\/fr\/wp-json\/wp\/v2\/types\/page"}],"author":[{"embeddable":true,"href":"https:\/\/turnzentrum-bern.ch\/fr\/wp-json\/wp\/v2\/users\/1"}],"replies":[{"embeddable":true,"href":"https:\/\/turnzentrum-bern.ch\/fr\/wp-json\/wp\/v2\/comments?post=2265"}],"version-history":[{"count":191,"href":"https:\/\/turnzentrum-bern.ch\/fr\/wp-json\/wp\/v2\/pages\/2265\/revisions"}],"predecessor-version":[{"id":6308,"href":"https:\/\/turnzentrum-bern.ch\/fr\/wp-json\/wp\/v2\/pages\/2265\/revisions\/6308"}],"wp:attachment":[{"href":"https:\/\/turnzentrum-bern.ch\/fr\/wp-json\/wp\/v2\/media?parent=2265"}],"curies":[{"name":"wp","href":"https:\/\/api.w.org\/{rel}","templated":true}]}}