{"id":1143,"date":"2024-11-08T11:40:27","date_gmt":"2024-11-08T11:40:27","guid":{"rendered":"https:\/\/turnzentrum-bern.ch\/produkt\/wettkampfboden\/"},"modified":"2026-01-23T21:28:37","modified_gmt":"2026-01-23T21:28:37","slug":"wettkampfboden","status":"publish","type":"product","link":"https:\/\/turnzentrum-bern.ch\/fr\/produit\/wettkampfboden\/","title":{"rendered":"Fond carr\u00e9 (participation au mc)"},"content":{"rendered":"<p>Par ton don, tu apportes une contribution symbolique et tu soutiens le centre de gymnastique de Berne ainsi que de nombreux gymnastes. Un grand merci pour ton engagement !<\/p>","protected":false},"excerpt":{"rendered":"<p><strong>Nahimana <\/strong>et <strong>Annalou <\/strong>tr\u00e4umen von einem grossen Viereckboden. Hilf mit, die Tr\u00e4ume der Beiden zu er\u00fcllen. <\/p>\n<p>Sichere dir deinen Quadratmeter im Shop und verewige dich symbolisch im TZB. F\u00fcr den originalen Wettkamfboden von 14 x 14 m ben\u00f6tigen wir insgesamt 196 m<sup>2<\/sup>.<\/p>","protected":false},"featured_media":1397,"template":"","meta":[],"product_brand":[],"product_cat":[27],"product_tag":[],"class_list":{"0":"post-1143","1":"product","2":"type-product","3":"status-publish","4":"has-post-thumbnail","6":"product_cat-sponsor_small","8":"first","9":"instock","10":"featured","11":"shipping-taxable","12":"purchasable","13":"product-type-simple"},"jetpack_sharing_enabled":true,"_links":{"self":[{"href":"https:\/\/turnzentrum-bern.ch\/fr\/wp-json\/wp\/v2\/product\/1143","targetHints":{"allow":["GET"]}}],"collection":[{"href":"https:\/\/turnzentrum-bern.ch\/fr\/wp-json\/wp\/v2\/product"}],"about":[{"href":"https:\/\/turnzentrum-bern.ch\/fr\/wp-json\/wp\/v2\/types\/product"}],"wp:featuredmedia":[{"embeddable":true,"href":"https:\/\/turnzentrum-bern.ch\/fr\/wp-json\/wp\/v2\/media\/1397"}],"wp:attachment":[{"href":"https:\/\/turnzentrum-bern.ch\/fr\/wp-json\/wp\/v2\/media?parent=1143"}],"wp:term":[{"taxonomy":"product_brand","embeddable":true,"href":"https:\/\/turnzentrum-bern.ch\/fr\/wp-json\/wp\/v2\/product_brand?post=1143"},{"taxonomy":"product_cat","embeddable":true,"href":"https:\/\/turnzentrum-bern.ch\/fr\/wp-json\/wp\/v2\/product_cat?post=1143"},{"taxonomy":"product_tag","embeddable":true,"href":"https:\/\/turnzentrum-bern.ch\/fr\/wp-json\/wp\/v2\/product_tag?post=1143"}],"curies":[{"name":"wp","href":"https:\/\/api.w.org\/{rel}","templated":true}]}}