{"id":1149,"date":"2024-11-08T11:40:30","date_gmt":"2024-11-08T11:40:30","guid":{"rendered":"https:\/\/turnzentrum-bern.ch\/produkt\/grubensystem\/"},"modified":"2025-04-03T16:26:16","modified_gmt":"2025-04-03T16:26:16","slug":"grubensystem","status":"publish","type":"product","link":"https:\/\/turnzentrum-bern.ch\/fr\/produit\/grubensystem\/","title":{"rendered":"Syst\u00e8me de fosse (participation au m\u00b2)"},"content":{"rendered":"<p>Par ton don, tu apportes une contribution symbolique et tu soutiens le centre de gymnastique de Berne ainsi que de nombreux gymnastes. Un grand merci pour ton engagement !<\/p>","protected":false},"excerpt":{"rendered":"<p>Unsere beiden Grubensysteme sorgen f\u00fcr maximale Sicherheit beim Training. Das offene System ist 200 cm tief und mit Schaumstoffschnitzeln gef\u00fcllt, w\u00e4hrend das geschlossene System mit einer Tiefe von 80 cm durch ein gespanntes Schaumstofftuch zus\u00e4tzlich abgesichert ist. Diese Kombination schafft ideale Bedingungen f\u00fcr ein sicheres und professionelles Training.<\/p>","protected":false},"featured_media":1390,"template":"","meta":[],"product_brand":[],"product_cat":[27],"product_tag":[],"class_list":{"0":"post-1149","1":"product","2":"type-product","3":"status-publish","4":"has-post-thumbnail","6":"product_cat-sponsor_small","8":"first","9":"instock","10":"shipping-taxable","11":"purchasable","12":"product-type-simple"},"jetpack_sharing_enabled":true,"_links":{"self":[{"href":"https:\/\/turnzentrum-bern.ch\/fr\/wp-json\/wp\/v2\/product\/1149","targetHints":{"allow":["GET"]}}],"collection":[{"href":"https:\/\/turnzentrum-bern.ch\/fr\/wp-json\/wp\/v2\/product"}],"about":[{"href":"https:\/\/turnzentrum-bern.ch\/fr\/wp-json\/wp\/v2\/types\/product"}],"wp:featuredmedia":[{"embeddable":true,"href":"https:\/\/turnzentrum-bern.ch\/fr\/wp-json\/wp\/v2\/media\/1390"}],"wp:attachment":[{"href":"https:\/\/turnzentrum-bern.ch\/fr\/wp-json\/wp\/v2\/media?parent=1149"}],"wp:term":[{"taxonomy":"product_brand","embeddable":true,"href":"https:\/\/turnzentrum-bern.ch\/fr\/wp-json\/wp\/v2\/product_brand?post=1149"},{"taxonomy":"product_cat","embeddable":true,"href":"https:\/\/turnzentrum-bern.ch\/fr\/wp-json\/wp\/v2\/product_cat?post=1149"},{"taxonomy":"product_tag","embeddable":true,"href":"https:\/\/turnzentrum-bern.ch\/fr\/wp-json\/wp\/v2\/product_tag?post=1149"}],"curies":[{"name":"wp","href":"https:\/\/api.w.org\/{rel}","templated":true}]}}