{"id":1156,"date":"2024-11-08T11:40:33","date_gmt":"2024-11-08T11:40:33","guid":{"rendered":"https:\/\/turnzentrum-bern.ch\/produkt\/ringgerst-standringe\/"},"modified":"2025-10-09T07:00:18","modified_gmt":"2025-10-09T07:00:18","slug":"ringe","status":"publish","type":"product","link":"https:\/\/turnzentrum-bern.ch\/fr\/produit\/ringe\/","title":{"rendered":"Portique d'anneaux comp\u00e9tition"},"content":{"rendered":"<p>Par ton don, tu apportes une contribution symbolique et tu soutiens le centre de gymnastique de Berne ainsi que de nombreux gymnastes. Un grand merci pour ton engagement !<\/p>","protected":false},"excerpt":{"rendered":"<p>Das Ringger\u00fcst ist rund 6 m hoch und wird vor allem f\u00fcr die Wettkampfvorbereitung verwendet und erlaubt die Durchf\u00fchrung von Wettk\u00e4mpfen im TZB.<\/p>\n<p><strong>Un grand merci \u00e0 notre patron actuel :<\/strong><br \/>Burgergemeinde Madretsch<\/p>","protected":false},"featured_media":1420,"template":"","meta":[],"product_brand":[],"product_cat":[28],"product_tag":[],"class_list":{"0":"post-1156","1":"product","2":"type-product","3":"status-publish","4":"has-post-thumbnail","6":"product_cat-sponsor_medium","8":"first","9":"outofstock","10":"shipping-taxable","11":"purchasable","12":"product-type-simple"},"jetpack_sharing_enabled":true,"_links":{"self":[{"href":"https:\/\/turnzentrum-bern.ch\/fr\/wp-json\/wp\/v2\/product\/1156","targetHints":{"allow":["GET"]}}],"collection":[{"href":"https:\/\/turnzentrum-bern.ch\/fr\/wp-json\/wp\/v2\/product"}],"about":[{"href":"https:\/\/turnzentrum-bern.ch\/fr\/wp-json\/wp\/v2\/types\/product"}],"wp:featuredmedia":[{"embeddable":true,"href":"https:\/\/turnzentrum-bern.ch\/fr\/wp-json\/wp\/v2\/media\/1420"}],"wp:attachment":[{"href":"https:\/\/turnzentrum-bern.ch\/fr\/wp-json\/wp\/v2\/media?parent=1156"}],"wp:term":[{"taxonomy":"product_brand","embeddable":true,"href":"https:\/\/turnzentrum-bern.ch\/fr\/wp-json\/wp\/v2\/product_brand?post=1156"},{"taxonomy":"product_cat","embeddable":true,"href":"https:\/\/turnzentrum-bern.ch\/fr\/wp-json\/wp\/v2\/product_cat?post=1156"},{"taxonomy":"product_tag","embeddable":true,"href":"https:\/\/turnzentrum-bern.ch\/fr\/wp-json\/wp\/v2\/product_tag?post=1156"}],"curies":[{"name":"wp","href":"https:\/\/api.w.org\/{rel}","templated":true}]}}