{"id":1163,"date":"2024-11-08T11:40:36","date_gmt":"2024-11-08T11:40:36","guid":{"rendered":"https:\/\/turnzentrum-bern.ch\/produkt\/fig-landematte\/"},"modified":"2024-12-07T09:12:22","modified_gmt":"2024-12-07T09:12:22","slug":"fig-landematte","status":"publish","type":"product","link":"https:\/\/turnzentrum-bern.ch\/fr\/produit\/fig-landematte\/","title":{"rendered":"Matelas de r\u00e9ception FIG"},"content":{"rendered":"<p>Par ton don, tu apportes une contribution symbolique et tu soutiens le centre de gymnastique de Berne ainsi que de nombreux gymnastes. Un grand merci pour ton engagement !<\/p>","protected":false},"excerpt":{"rendered":"<p>F\u00fcr sichere und pr\u00e4zise Landungen im Wettkampf ben\u00f6tigen wir originale Wettkampflandematten, die den FIG-Standards entsprechen. Diese Matten dienen als Auflage f\u00fcr verschiedene Ger\u00e4te und sorgen f\u00fcr optimale D\u00e4mpfung und Stabilit\u00e4t. L\u00e4nge und Breite k\u00f6nnen je nach Ger\u00e4t variieren.<\/p>","protected":false},"featured_media":1409,"template":"","meta":[],"product_brand":[],"product_cat":[28],"product_tag":[],"class_list":{"0":"post-1163","1":"product","2":"type-product","3":"status-publish","4":"has-post-thumbnail","6":"product_cat-sponsor_medium","8":"first","9":"instock","10":"shipping-taxable","11":"purchasable","12":"product-type-simple"},"jetpack_sharing_enabled":true,"_links":{"self":[{"href":"https:\/\/turnzentrum-bern.ch\/fr\/wp-json\/wp\/v2\/product\/1163","targetHints":{"allow":["GET"]}}],"collection":[{"href":"https:\/\/turnzentrum-bern.ch\/fr\/wp-json\/wp\/v2\/product"}],"about":[{"href":"https:\/\/turnzentrum-bern.ch\/fr\/wp-json\/wp\/v2\/types\/product"}],"wp:featuredmedia":[{"embeddable":true,"href":"https:\/\/turnzentrum-bern.ch\/fr\/wp-json\/wp\/v2\/media\/1409"}],"wp:attachment":[{"href":"https:\/\/turnzentrum-bern.ch\/fr\/wp-json\/wp\/v2\/media?parent=1163"}],"wp:term":[{"taxonomy":"product_brand","embeddable":true,"href":"https:\/\/turnzentrum-bern.ch\/fr\/wp-json\/wp\/v2\/product_brand?post=1163"},{"taxonomy":"product_cat","embeddable":true,"href":"https:\/\/turnzentrum-bern.ch\/fr\/wp-json\/wp\/v2\/product_cat?post=1163"},{"taxonomy":"product_tag","embeddable":true,"href":"https:\/\/turnzentrum-bern.ch\/fr\/wp-json\/wp\/v2\/product_tag?post=1163"}],"curies":[{"name":"wp","href":"https:\/\/api.w.org\/{rel}","templated":true}]}}