{"id":1165,"date":"2024-11-08T11:40:37","date_gmt":"2024-11-08T11:40:37","guid":{"rendered":"https:\/\/turnzentrum-bern.ch\/produkt\/schwebebalken\/"},"modified":"2025-10-07T12:33:27","modified_gmt":"2025-10-07T12:33:27","slug":"schwebebalken","status":"publish","type":"product","link":"https:\/\/turnzentrum-bern.ch\/fr\/produit\/schwebebalken\/","title":{"rendered":"Schwebebalken Wettkampf #No\u00e9e"},"content":{"rendered":"<p>Par ton don, tu apportes une contribution symbolique et tu soutiens le centre de gymnastique de Berne ainsi que de nombreux gymnastes. Un grand merci pour ton engagement !<\/p>","protected":false},"excerpt":{"rendered":"<p>Flic-Flac, Spreizsalto, Spagatspr\u00fcnge und Pirouetten \u2013 No\u00e9e zeigt, was es heisst, auf ihrem Lieblingsger\u00e4t, dem Schwebebalken, zu turnen. Unterst\u00fctze No\u00e9e und den Turnsport im neuen TZB \u2013 werde Patronatstr\u00e4ger:in des Balkens.<\/p>\n<p>\u00dcbrigens die Standard-Masse f\u00fcr Wettkampfbalken betragen 5 m in der L\u00e4nge, 1,2 m in der H\u00f6he und 10 cm in der Breite.<\/p>\n<p><strong>Un grand merci \u00e0 notre patron actuel :<\/strong><br \/>\u2013 Werner Bill, B\u00e4tterkinden<\/p>","protected":false},"featured_media":1412,"template":"","meta":[],"product_brand":[],"product_cat":[29],"product_tag":[],"class_list":{"0":"post-1165","1":"product","2":"type-product","3":"status-publish","4":"has-post-thumbnail","6":"product_cat-sponsor_large","8":"first","9":"instock","10":"shipping-taxable","11":"purchasable","12":"product-type-simple"},"jetpack_sharing_enabled":true,"_links":{"self":[{"href":"https:\/\/turnzentrum-bern.ch\/fr\/wp-json\/wp\/v2\/product\/1165","targetHints":{"allow":["GET"]}}],"collection":[{"href":"https:\/\/turnzentrum-bern.ch\/fr\/wp-json\/wp\/v2\/product"}],"about":[{"href":"https:\/\/turnzentrum-bern.ch\/fr\/wp-json\/wp\/v2\/types\/product"}],"wp:featuredmedia":[{"embeddable":true,"href":"https:\/\/turnzentrum-bern.ch\/fr\/wp-json\/wp\/v2\/media\/1412"}],"wp:attachment":[{"href":"https:\/\/turnzentrum-bern.ch\/fr\/wp-json\/wp\/v2\/media?parent=1165"}],"wp:term":[{"taxonomy":"product_brand","embeddable":true,"href":"https:\/\/turnzentrum-bern.ch\/fr\/wp-json\/wp\/v2\/product_brand?post=1165"},{"taxonomy":"product_cat","embeddable":true,"href":"https:\/\/turnzentrum-bern.ch\/fr\/wp-json\/wp\/v2\/product_cat?post=1165"},{"taxonomy":"product_tag","embeddable":true,"href":"https:\/\/turnzentrum-bern.ch\/fr\/wp-json\/wp\/v2\/product_tag?post=1165"}],"curies":[{"name":"wp","href":"https:\/\/api.w.org\/{rel}","templated":true}]}}