{"id":1166,"date":"2024-11-08T11:40:37","date_gmt":"2024-11-08T11:40:37","guid":{"rendered":"https:\/\/turnzentrum-bern.ch\/produkt\/sprunganlage\/"},"modified":"2024-12-21T10:41:20","modified_gmt":"2024-12-21T10:41:20","slug":"sprunganlage","status":"publish","type":"product","link":"https:\/\/turnzentrum-bern.ch\/fr\/produit\/sprunganlage\/","title":{"rendered":"Piste d'\u00e9lan et de tremplin"},"content":{"rendered":"<p>Par ton don, tu apportes une contribution symbolique et tu soutiens le centre de gymnastique de Berne ainsi que de nombreux gymnastes. Un grand merci pour ton engagement !<\/p>","protected":false},"excerpt":{"rendered":"<p>F\u00fcr eine m\u00f6glichst hohe Anlaufgeschwindigkeit ist die 25m leicht gefedert mit einem speziell harten Absprunganlage f\u00fcr das Sprungbrett.<\/p>","protected":false},"featured_media":1408,"template":"","meta":[],"product_brand":[],"product_cat":[29],"product_tag":[],"class_list":{"0":"post-1166","1":"product","2":"type-product","3":"status-publish","4":"has-post-thumbnail","6":"product_cat-sponsor_large","8":"first","9":"instock","10":"shipping-taxable","11":"purchasable","12":"product-type-simple"},"jetpack_sharing_enabled":true,"_links":{"self":[{"href":"https:\/\/turnzentrum-bern.ch\/fr\/wp-json\/wp\/v2\/product\/1166","targetHints":{"allow":["GET"]}}],"collection":[{"href":"https:\/\/turnzentrum-bern.ch\/fr\/wp-json\/wp\/v2\/product"}],"about":[{"href":"https:\/\/turnzentrum-bern.ch\/fr\/wp-json\/wp\/v2\/types\/product"}],"wp:featuredmedia":[{"embeddable":true,"href":"https:\/\/turnzentrum-bern.ch\/fr\/wp-json\/wp\/v2\/media\/1408"}],"wp:attachment":[{"href":"https:\/\/turnzentrum-bern.ch\/fr\/wp-json\/wp\/v2\/media?parent=1166"}],"wp:term":[{"taxonomy":"product_brand","embeddable":true,"href":"https:\/\/turnzentrum-bern.ch\/fr\/wp-json\/wp\/v2\/product_brand?post=1166"},{"taxonomy":"product_cat","embeddable":true,"href":"https:\/\/turnzentrum-bern.ch\/fr\/wp-json\/wp\/v2\/product_cat?post=1166"},{"taxonomy":"product_tag","embeddable":true,"href":"https:\/\/turnzentrum-bern.ch\/fr\/wp-json\/wp\/v2\/product_tag?post=1166"}],"curies":[{"name":"wp","href":"https:\/\/api.w.org\/{rel}","templated":true}]}}