{"id":1167,"date":"2024-11-08T11:40:37","date_gmt":"2024-11-08T11:40:37","guid":{"rendered":"https:\/\/turnzentrum-bern.ch\/produkt\/junior-barren\/"},"modified":"2025-04-23T10:47:03","modified_gmt":"2025-04-23T10:47:03","slug":"junior-barren","status":"publish","type":"product","link":"https:\/\/turnzentrum-bern.ch\/fr\/produit\/junior-barren\/","title":{"rendered":"Barres parall\u00e8les junior"},"content":{"rendered":"<p>Par ton don, tu apportes une contribution symbolique et tu soutiens le centre de gymnastique de Berne ainsi que de nombreux gymnastes. Un grand merci pour ton engagement !<\/p>","protected":false},"excerpt":{"rendered":"<p>Der Junior-Barren erm\u00f6glicht j\u00fcngeren Turner einen schmaleren St\u00fctz.<\/p>\n<p><strong>Herzlichen Dank an unser aktuellen Patronatstr\u00e4ger:<\/strong><br \/>\u2013 SGV B\u00fcren a.A.<\/p>","protected":false},"featured_media":3077,"template":"","meta":[],"product_brand":[],"product_cat":[29],"product_tag":[],"class_list":{"0":"post-1167","1":"product","2":"type-product","3":"status-publish","4":"has-post-thumbnail","6":"product_cat-sponsor_large","8":"first","9":"instock","10":"shipping-taxable","11":"purchasable","12":"product-type-simple"},"jetpack_sharing_enabled":true,"_links":{"self":[{"href":"https:\/\/turnzentrum-bern.ch\/fr\/wp-json\/wp\/v2\/product\/1167","targetHints":{"allow":["GET"]}}],"collection":[{"href":"https:\/\/turnzentrum-bern.ch\/fr\/wp-json\/wp\/v2\/product"}],"about":[{"href":"https:\/\/turnzentrum-bern.ch\/fr\/wp-json\/wp\/v2\/types\/product"}],"wp:featuredmedia":[{"embeddable":true,"href":"https:\/\/turnzentrum-bern.ch\/fr\/wp-json\/wp\/v2\/media\/3077"}],"wp:attachment":[{"href":"https:\/\/turnzentrum-bern.ch\/fr\/wp-json\/wp\/v2\/media?parent=1167"}],"wp:term":[{"taxonomy":"product_brand","embeddable":true,"href":"https:\/\/turnzentrum-bern.ch\/fr\/wp-json\/wp\/v2\/product_brand?post=1167"},{"taxonomy":"product_cat","embeddable":true,"href":"https:\/\/turnzentrum-bern.ch\/fr\/wp-json\/wp\/v2\/product_cat?post=1167"},{"taxonomy":"product_tag","embeddable":true,"href":"https:\/\/turnzentrum-bern.ch\/fr\/wp-json\/wp\/v2\/product_tag?post=1167"}],"curies":[{"name":"wp","href":"https:\/\/api.w.org\/{rel}","templated":true}]}}