{"id":1174,"date":"2024-11-08T11:40:42","date_gmt":"2024-11-08T11:40:42","guid":{"rendered":"https:\/\/turnzentrum-bern.ch\/produkt\/mnnerbarren\/"},"modified":"2025-10-06T14:21:47","modified_gmt":"2025-10-06T14:21:47","slug":"maennerbarren","status":"publish","type":"product","link":"https:\/\/turnzentrum-bern.ch\/fr\/produit\/maennerbarren\/","title":{"rendered":"M\u00e4nnerbarren #Loic"},"content":{"rendered":"<p>Par ton don, tu apportes une contribution symbolique et tu soutiens le centre de gymnastique de Berne ainsi que de nombreux gymnastes. Un grand merci pour ton engagement !<\/p>","protected":false},"excerpt":{"rendered":"<p><strong>Loic <\/strong>turnt leidenschaftlich am Barren &#8211; seinem Lieblingsger\u00e4t. Unterst\u00fctze Ihn und den Turnsport im neuen TZB. Werde jetzt Patronatstr\u00e4ger des M\u00e4nner-Barrens. <\/p>\n<p>\u00dcbrigens: Hast du gewusst, dass die Holmen des M\u00e4nner-Barrens 350 cm lang und 195 cm hoch sind?<\/p>","protected":false},"featured_media":1399,"template":"","meta":[],"product_brand":[],"product_cat":[29],"product_tag":[],"class_list":{"0":"post-1174","1":"product","2":"type-product","3":"status-publish","4":"has-post-thumbnail","6":"product_cat-sponsor_large","8":"first","9":"instock","10":"shipping-taxable","11":"purchasable","12":"product-type-simple"},"jetpack_sharing_enabled":true,"_links":{"self":[{"href":"https:\/\/turnzentrum-bern.ch\/fr\/wp-json\/wp\/v2\/product\/1174","targetHints":{"allow":["GET"]}}],"collection":[{"href":"https:\/\/turnzentrum-bern.ch\/fr\/wp-json\/wp\/v2\/product"}],"about":[{"href":"https:\/\/turnzentrum-bern.ch\/fr\/wp-json\/wp\/v2\/types\/product"}],"wp:featuredmedia":[{"embeddable":true,"href":"https:\/\/turnzentrum-bern.ch\/fr\/wp-json\/wp\/v2\/media\/1399"}],"wp:attachment":[{"href":"https:\/\/turnzentrum-bern.ch\/fr\/wp-json\/wp\/v2\/media?parent=1174"}],"wp:term":[{"taxonomy":"product_brand","embeddable":true,"href":"https:\/\/turnzentrum-bern.ch\/fr\/wp-json\/wp\/v2\/product_brand?post=1174"},{"taxonomy":"product_cat","embeddable":true,"href":"https:\/\/turnzentrum-bern.ch\/fr\/wp-json\/wp\/v2\/product_cat?post=1174"},{"taxonomy":"product_tag","embeddable":true,"href":"https:\/\/turnzentrum-bern.ch\/fr\/wp-json\/wp\/v2\/product_tag?post=1174"}],"curies":[{"name":"wp","href":"https:\/\/api.w.org\/{rel}","templated":true}]}}