{"id":1176,"date":"2024-11-08T11:40:43","date_gmt":"2024-11-08T11:40:43","guid":{"rendered":"https:\/\/turnzentrum-bern.ch\/produkt\/trampolinbahn\/"},"modified":"2025-09-25T07:14:59","modified_gmt":"2025-09-25T07:14:59","slug":"trampolinbahn","status":"publish","type":"product","link":"https:\/\/turnzentrum-bern.ch\/fr\/produit\/trampolinbahn\/","title":{"rendered":"Piste de trampoline"},"content":{"rendered":"<p>Par ton don, tu apportes une contribution symbolique et tu soutiens le centre de gymnastique de Berne ainsi que de nombreux gymnastes. Un grand merci pour ton engagement !<\/p>","protected":false},"excerpt":{"rendered":"<p>Die Trampolinbahn wird am Grubensystem angeschlossen. Sie bietet hervorragende Federungseigenschaften, die das Erlernen von Spr\u00fcngen erleichtern. Auf einer L\u00e4nge von 18 m k\u00f6nnen die Spr\u00fcnge vorw\u00e4rts, r\u00fcckw\u00e4rts oder in Kombination beliebig oft wiederholt werden. Die Trampolinbahn bereitet Kindern extrem viel Spass!<\/p>\n<p><strong>Un grand merci \u00e0 notre patron actuel :<\/strong><br \/>Organisationskomitee der Schweizermeisterschaft Kunstturnen 2024<\/p>","protected":false},"featured_media":4200,"template":"","meta":[],"product_brand":[],"product_cat":[31],"product_tag":[],"class_list":{"0":"post-1176","1":"product","2":"type-product","3":"status-publish","4":"has-post-thumbnail","6":"product_cat-sponsor_premium","8":"first","9":"instock","10":"shipping-taxable","11":"purchasable","12":"product-type-simple"},"jetpack_sharing_enabled":true,"_links":{"self":[{"href":"https:\/\/turnzentrum-bern.ch\/fr\/wp-json\/wp\/v2\/product\/1176","targetHints":{"allow":["GET"]}}],"collection":[{"href":"https:\/\/turnzentrum-bern.ch\/fr\/wp-json\/wp\/v2\/product"}],"about":[{"href":"https:\/\/turnzentrum-bern.ch\/fr\/wp-json\/wp\/v2\/types\/product"}],"wp:featuredmedia":[{"embeddable":true,"href":"https:\/\/turnzentrum-bern.ch\/fr\/wp-json\/wp\/v2\/media\/4200"}],"wp:attachment":[{"href":"https:\/\/turnzentrum-bern.ch\/fr\/wp-json\/wp\/v2\/media?parent=1176"}],"wp:term":[{"taxonomy":"product_brand","embeddable":true,"href":"https:\/\/turnzentrum-bern.ch\/fr\/wp-json\/wp\/v2\/product_brand?post=1176"},{"taxonomy":"product_cat","embeddable":true,"href":"https:\/\/turnzentrum-bern.ch\/fr\/wp-json\/wp\/v2\/product_cat?post=1176"},{"taxonomy":"product_tag","embeddable":true,"href":"https:\/\/turnzentrum-bern.ch\/fr\/wp-json\/wp\/v2\/product_tag?post=1176"}],"curies":[{"name":"wp","href":"https:\/\/api.w.org\/{rel}","templated":true}]}}