{"id":1180,"date":"2024-11-08T11:40:44","date_gmt":"2024-11-08T11:40:44","guid":{"rendered":"https:\/\/turnzentrum-bern.ch\/produkt\/grubensystem-geschlossen\/"},"modified":"2025-09-25T07:23:33","modified_gmt":"2025-09-25T07:23:33","slug":"grubensystem-geschlossen","status":"publish","type":"product","link":"https:\/\/turnzentrum-bern.ch\/fr\/produit\/grubensystem-geschlossen\/","title":{"rendered":"Syst\u00e8me de fosse ferm\u00e9 hommes"},"content":{"rendered":"<p>Par ton don, tu apportes une contribution symbolique et tu soutiens le centre de gymnastique de Berne ainsi que de nombreux gymnastes. Un grand merci pour ton engagement !<\/p>","protected":false},"excerpt":{"rendered":"<p>Le syst\u00e8me de fosse ferm\u00e9 a une profondeur de 80 cm et est recouvert d'une toile en mousse stable. Cette construction offre une surface d'atterrissage s\u00fbre et r\u00e9sistante et aide les gymnastes \u00e0 se r\u00e9ceptionner de mani\u00e8re contr\u00f4l\u00e9e.<\/p>\n<p><strong>Un grand merci \u00e0 notre patron actuel :<\/strong><br \/>Hans Schachenmann-Stiftung, Basel<\/p>","protected":false},"featured_media":4202,"template":"","meta":[],"product_brand":[],"product_cat":[31],"product_tag":[],"class_list":{"0":"post-1180","1":"product","2":"type-product","3":"status-publish","4":"has-post-thumbnail","6":"product_cat-sponsor_premium","8":"first","9":"outofstock","10":"shipping-taxable","11":"product-type-simple"},"jetpack_sharing_enabled":true,"_links":{"self":[{"href":"https:\/\/turnzentrum-bern.ch\/fr\/wp-json\/wp\/v2\/product\/1180","targetHints":{"allow":["GET"]}}],"collection":[{"href":"https:\/\/turnzentrum-bern.ch\/fr\/wp-json\/wp\/v2\/product"}],"about":[{"href":"https:\/\/turnzentrum-bern.ch\/fr\/wp-json\/wp\/v2\/types\/product"}],"wp:featuredmedia":[{"embeddable":true,"href":"https:\/\/turnzentrum-bern.ch\/fr\/wp-json\/wp\/v2\/media\/4202"}],"wp:attachment":[{"href":"https:\/\/turnzentrum-bern.ch\/fr\/wp-json\/wp\/v2\/media?parent=1180"}],"wp:term":[{"taxonomy":"product_brand","embeddable":true,"href":"https:\/\/turnzentrum-bern.ch\/fr\/wp-json\/wp\/v2\/product_brand?post=1180"},{"taxonomy":"product_cat","embeddable":true,"href":"https:\/\/turnzentrum-bern.ch\/fr\/wp-json\/wp\/v2\/product_cat?post=1180"},{"taxonomy":"product_tag","embeddable":true,"href":"https:\/\/turnzentrum-bern.ch\/fr\/wp-json\/wp\/v2\/product_tag?post=1180"}],"curies":[{"name":"wp","href":"https:\/\/api.w.org\/{rel}","templated":true}]}}