{"id":1181,"date":"2024-11-08T11:40:44","date_gmt":"2024-11-08T11:40:44","guid":{"rendered":"https:\/\/turnzentrum-bern.ch\/produkt\/gnner-bronze\/"},"modified":"2025-10-06T14:31:44","modified_gmt":"2025-10-06T14:31:44","slug":"goenner-bronze","status":"publish","type":"product","link":"https:\/\/turnzentrum-bern.ch\/fr\/produit\/goenner-bronze\/","title":{"rendered":"Donateur Bronze"},"content":{"rendered":"<p>Verewige dich im Turnzentrum Bern in Biel mit deiner pers\u00f6nlichen Plakette \u2013 und unterst\u00fctze so den Aufbau des neuen Turnzentrums, das im Sommer 2025 er\u00f6ffnet wurde. Ein grosser Meilenstein f\u00fcr den Nachwuchs und den Breitensport im Kanton Bern.<\/p>\n<p><strong>Prestation Bronze :<br \/><\/strong>\u2013 Mention sur le tableau des donateurs au TZB<br \/>\u2013 Mention sur le site web<\/p>\n<p>Fais partie de l'histoire de la gymnastique dans le canton de Berne et soutiens notre projet phare !<\/p>","protected":false},"excerpt":{"rendered":"<p>Verewige dich im Turnzentrum Bern in Biel mit deiner pers\u00f6nlichen Plakette \u2013 und unterst\u00fctze so den Aufbau des neuen Turnzentrums, das im Sommer 2025 er\u00f6ffnet wurde. Ein grosser Meilenstein f\u00fcr den Nachwuchs und den Breitensport im Kanton Bern.<\/p>","protected":false},"featured_media":1310,"template":"","meta":[],"product_brand":[],"product_cat":[32],"product_tag":[],"class_list":{"0":"post-1181","1":"product","2":"type-product","3":"status-publish","4":"has-post-thumbnail","6":"product_cat-patron_small","8":"first","9":"instock","10":"shipping-taxable","11":"purchasable","12":"product-type-simple"},"jetpack_sharing_enabled":true,"_links":{"self":[{"href":"https:\/\/turnzentrum-bern.ch\/fr\/wp-json\/wp\/v2\/product\/1181","targetHints":{"allow":["GET"]}}],"collection":[{"href":"https:\/\/turnzentrum-bern.ch\/fr\/wp-json\/wp\/v2\/product"}],"about":[{"href":"https:\/\/turnzentrum-bern.ch\/fr\/wp-json\/wp\/v2\/types\/product"}],"wp:featuredmedia":[{"embeddable":true,"href":"https:\/\/turnzentrum-bern.ch\/fr\/wp-json\/wp\/v2\/media\/1310"}],"wp:attachment":[{"href":"https:\/\/turnzentrum-bern.ch\/fr\/wp-json\/wp\/v2\/media?parent=1181"}],"wp:term":[{"taxonomy":"product_brand","embeddable":true,"href":"https:\/\/turnzentrum-bern.ch\/fr\/wp-json\/wp\/v2\/product_brand?post=1181"},{"taxonomy":"product_cat","embeddable":true,"href":"https:\/\/turnzentrum-bern.ch\/fr\/wp-json\/wp\/v2\/product_cat?post=1181"},{"taxonomy":"product_tag","embeddable":true,"href":"https:\/\/turnzentrum-bern.ch\/fr\/wp-json\/wp\/v2\/product_tag?post=1181"}],"curies":[{"name":"wp","href":"https:\/\/api.w.org\/{rel}","templated":true}]}}