{"id":2612,"date":"2025-04-02T11:09:33","date_gmt":"2025-04-02T11:09:33","guid":{"rendered":"https:\/\/turnzentrum-bern.ch\/?post_type=product&#038;p=2612"},"modified":"2025-04-03T16:22:39","modified_gmt":"2025-04-03T16:22:39","slug":"grubensystem-offen-maenner","status":"publish","type":"product","link":"https:\/\/turnzentrum-bern.ch\/fr\/produit\/grubensystem-offen-maenner\/","title":{"rendered":"Syst\u00e8me de fosse ouvert hommes"},"content":{"rendered":"<p>Par ton don, tu apportes une contribution symbolique et tu soutiens le centre de gymnastique de Berne ainsi que de nombreux gymnastes. Un grand merci pour ton engagement !<\/p>","protected":false},"excerpt":{"rendered":"<p>Le syst\u00e8me de fosse ouverte d'une profondeur de 200 cm assure une s\u00e9curit\u00e9 maximale pour les exercices exigeants. Rempli de copeaux de mousse, il offre une surface d'atterrissage id\u00e9ale pour l'entra\u00eenement et la comp\u00e9tition.<\/p>","protected":false},"featured_media":1390,"template":"","meta":[],"product_brand":[],"product_cat":[31],"product_tag":[],"class_list":{"0":"post-2612","1":"product","2":"type-product","3":"status-publish","4":"has-post-thumbnail","6":"product_cat-sponsor_premium","8":"first","9":"instock","10":"shipping-taxable","11":"purchasable","12":"product-type-simple"},"jetpack_sharing_enabled":true,"_links":{"self":[{"href":"https:\/\/turnzentrum-bern.ch\/fr\/wp-json\/wp\/v2\/product\/2612","targetHints":{"allow":["GET"]}}],"collection":[{"href":"https:\/\/turnzentrum-bern.ch\/fr\/wp-json\/wp\/v2\/product"}],"about":[{"href":"https:\/\/turnzentrum-bern.ch\/fr\/wp-json\/wp\/v2\/types\/product"}],"wp:featuredmedia":[{"embeddable":true,"href":"https:\/\/turnzentrum-bern.ch\/fr\/wp-json\/wp\/v2\/media\/1390"}],"wp:attachment":[{"href":"https:\/\/turnzentrum-bern.ch\/fr\/wp-json\/wp\/v2\/media?parent=2612"}],"wp:term":[{"taxonomy":"product_brand","embeddable":true,"href":"https:\/\/turnzentrum-bern.ch\/fr\/wp-json\/wp\/v2\/product_brand?post=2612"},{"taxonomy":"product_cat","embeddable":true,"href":"https:\/\/turnzentrum-bern.ch\/fr\/wp-json\/wp\/v2\/product_cat?post=2612"},{"taxonomy":"product_tag","embeddable":true,"href":"https:\/\/turnzentrum-bern.ch\/fr\/wp-json\/wp\/v2\/product_tag?post=2612"}],"curies":[{"name":"wp","href":"https:\/\/api.w.org\/{rel}","templated":true}]}}